{"id":13,"date":"2023-02-22T10:44:13","date_gmt":"2023-02-22T10:44:13","guid":{"rendered":"https:\/\/neceseronline.com\/profesionales\/?page_id=13"},"modified":"2023-03-06T23:12:20","modified_gmt":"2023-03-06T23:12:20","slug":"formulario","status":"publish","type":"page","link":"https:\/\/neceseronline.com\/profesionales\/","title":{"rendered":"Formulario"},"content":{"rendered":"<p>[et_pb_section fb_built=\u00bb1&#8243; use_custom_gutter=\u00bbon\u00bb gutter_width=\u00bb1&#8243; specialty=\u00bbon\u00bb padding_top_2=\u00bb0px\u00bb padding_top_bottom_link_2=\u00bbfalse\u00bb padding_left_right_link_2=\u00bbfalse\u00bb admin_label=\u00bbHeader\u00bb _builder_version=\u00bb4.20.0&#8243; _module_preset=\u00bbdefault\u00bb background_color=\u00bb#FFFFFF\u00bb overflow-x=\u00bbhidden\u00bb overflow-y=\u00bbhidden\u00bb custom_padding=\u00bb0px||0px|||\u00bb hover_enabled=\u00bb0&#8243; global_colors_info=\u00bb{}\u00bb sticky_enabled=\u00bb0&#8243;][et_pb_column type=\u00bb1_2&#8243; specialty_columns=\u00bb2&#8243; _builder_version=\u00bb4.16&#8243; custom_padding=\u00bb|||\u00bb global_colors_info=\u00bb{}\u00bb custom_padding__hover=\u00bb|||\u00bb][et_pb_row_inner _builder_version=\u00bb4.20.0&#8243; _module_preset=\u00bbdefault\u00bb background_color=\u00bb#FFFFFF\u00bb custom_margin=\u00bb||30px||false|false\u00bb custom_padding=\u00bb60px|20px|40px|20px|false|true\u00bb hover_enabled=\u00bb0&#8243; border_color_all=\u00bb#2F2F2F\u00bb global_colors_info=\u00bb{}\u00bb sticky_enabled=\u00bb0&#8243;][et_pb_column_inner saved_specialty_column_type=\u00bb1_2&#8243; _builder_version=\u00bb4.16&#8243; _module_preset=\u00bbdefault\u00bb global_colors_info=\u00bb{}\u00bb][et_pb_text _builder_version=\u00bb4.20.0&#8243; header_font=\u00bbMontserrat|800||on|||||\u00bb header_text_color=\u00bb#2F2F2F\u00bb header_font_size=\u00bb42px\u00bb header_letter_spacing=\u00bb4px\u00bb header_line_height=\u00bb1.2em\u00bb hover_enabled=\u00bb0&#8243; header_font_size_tablet=\u00bb40px\u00bb header_font_size_phone=\u00bb30px\u00bb header_font_size_last_edited=\u00bbon|phone\u00bb locked=\u00bboff\u00bb global_colors_info=\u00bb{}\u00bb sticky_enabled=\u00bb0&#8243;]<\/p>\n<h1>Compra para profesionales<\/h1>\n<p>[\/et_pb_text][\/et_pb_column_inner][\/et_pb_row_inner][et_pb_row_inner use_custom_gutter=\u00bbon\u00bb custom_padding_last_edited=\u00bbon|tablet\u00bb _builder_version=\u00bb4.16&#8243; _module_preset=\u00bbdefault\u00bb custom_margin=\u00bb||||false|false\u00bb custom_padding=\u00bb|60px|||false|false\u00bb custom_padding_tablet=\u00bb|0px|||false|false\u00bb custom_padding_phone=\u00bb\u00bb global_colors_info=\u00bb{}\u00bb][et_pb_column_inner saved_specialty_column_type=\u00bb1_2&#8243; _builder_version=\u00bb4.16&#8243; _module_preset=\u00bbdefault\u00bb global_colors_info=\u00bb{}\u00bb][et_pb_code module_id=\u00bbpro-form\u00bb _builder_version=\u00bb4.20.0&#8243; _module_preset=\u00bbdefault\u00bb global_colors_info=\u00bb{}\u00bb]\n<div class=\"wpcf7 no-js\" id=\"wpcf7-f6-o1\" lang=\"es-ES\" dir=\"ltr\">\n<div class=\"screen-reader-response\"><p role=\"status\" aria-live=\"polite\" aria-atomic=\"true\"><\/p> <ul><\/ul><\/div>\n<form action=\"\/profesionales\/wp-json\/wp\/v2\/pages\/13#wpcf7-f6-o1\" method=\"post\" class=\"wpcf7-form init\" aria-label=\"Formulario de contacto\" enctype=\"multipart\/form-data\" novalidate=\"novalidate\" data-status=\"init\">\n<div style=\"display: none;\">\n<input type=\"hidden\" name=\"_wpcf7\" value=\"6\" \/>\n<input type=\"hidden\" name=\"_wpcf7_version\" value=\"5.7.5.1\" \/>\n<input type=\"hidden\" name=\"_wpcf7_locale\" value=\"es_ES\" \/>\n<input type=\"hidden\" name=\"_wpcf7_unit_tag\" value=\"wpcf7-f6-o1\" \/>\n<input type=\"hidden\" name=\"_wpcf7_container_post\" value=\"0\" \/>\n<input type=\"hidden\" name=\"_wpcf7_posted_data_hash\" value=\"\" \/>\n<input type=\"hidden\" name=\"_wpcf7_recaptcha_response\" value=\"\" \/>\n<\/div>\n<h2>Datos de la empresa\n<\/h2>\n<div class=\"bloque-empresa\">\n\t<p><label>Raz\u00f3n social<br \/>\n<span class=\"wpcf7-form-control-wrap\" data-name=\"razon_social\"><input size=\"35\" class=\"wpcf7-form-control wpcf7-text wpcf7-validates-as-required\" id=\"razon_social\" aria-required=\"true\" aria-invalid=\"false\" placeholder=\"Jorge L\u00f3pez L\u00f3pez\" value=\"\" type=\"text\" name=\"razon_social\" \/><\/span> <\/label>\n\t<\/p>\n\t<p><label>Nombre comercial<br \/>\n<span class=\"wpcf7-form-control-wrap\" data-name=\"nombre_comercial\"><input size=\"35\" class=\"wpcf7-form-control wpcf7-text\" id=\"nombre_comercial\" aria-invalid=\"false\" placeholder=\"Serious Barber Shop\" value=\"\" type=\"text\" name=\"nombre_comercial\" \/><\/span> <\/label>\n\t<\/p>\n\t<p><label>CIF<br \/>\n<span class=\"wpcf7-form-control-wrap\" data-name=\"cif\"><input size=\"10\" class=\"wpcf7-form-control wpcf7-text wpcf7-validates-as-required\" id=\"cif\" aria-required=\"true\" aria-invalid=\"false\" value=\"\" type=\"text\" name=\"cif\" \/><\/span> <\/label>\n\t<\/p>\n\t<p><label>Tipo de negocio<br \/>\n<span class=\"wpcf7-form-control-wrap\" data-name=\"tipo_de_negocio\"><select class=\"wpcf7-form-control wpcf7-select wpcf7-validates-as-required\" id=\"tipo_de_negocio\" aria-required=\"true\" aria-invalid=\"false\" name=\"tipo_de_negocio\"><option value=\"\">&#8212;Por favor, elige una opci\u00f3n&#8212;<\/option><option value=\"Sal\u00f3n de belleza\">Sal\u00f3n de belleza<\/option><option value=\"Peluquer\u00eda\">Peluquer\u00eda<\/option><option value=\"Farmacia\">Farmacia<\/option><\/select><\/span> <\/label>\n\t<\/p>\n<\/div>\n<h2>Direcci\u00f3n de entrega\n<\/h2>\n<div class=\"bloque-direccion\">\n\t<p><label>Tipo de v\u00eda<br \/>\n<span class=\"wpcf7-form-control-wrap\" data-name=\"tipo_de_via\"><select class=\"wpcf7-form-control wpcf7-select wpcf7-validates-as-required\" id=\"tipo_de_via\" aria-required=\"true\" aria-invalid=\"false\" name=\"tipo_de_via\"><option value=\"Calle\">Calle<\/option><option value=\"Callej\u00f3n\">Callej\u00f3n<\/option><option value=\"Avenida\">Avenida<\/option><option value=\"Plaza\">Plaza<\/option><option value=\"Pol\u00edgono\">Pol\u00edgono<\/option><option value=\"V\u00eda\">V\u00eda<\/option><option value=\"Carretera\">Carretera<\/option><\/select><\/span> <\/label>\n\t<\/p>\n\t<p><label>Direcci\u00f3n<br \/>\n<span class=\"wpcf7-form-control-wrap\" data-name=\"direccion\"><input size=\"35\" class=\"wpcf7-form-control wpcf7-text wpcf7-validates-as-required\" id=\"direccion\" aria-required=\"true\" aria-invalid=\"false\" value=\"\" type=\"text\" name=\"direccion\" \/><\/span> <\/label>\n\t<\/p>\n\t<p><label>Direcci\u00f3n complementaria<br \/>\n<span class=\"wpcf7-form-control-wrap\" data-name=\"direccion_complementaria\"><input size=\"35\" class=\"wpcf7-form-control wpcf7-text\" id=\"direccion_complementaria\" aria-invalid=\"false\" value=\"\" type=\"text\" name=\"direccion_complementaria\" \/><\/span> <\/label>\n\t<\/p>\n\t<p><label>C\u00f3digo Postal<br \/>\n<span class=\"wpcf7-form-control-wrap\" data-name=\"codigo_postal\"><input size=\"10\" class=\"wpcf7-form-control wpcf7-text wpcf7-validates-as-required\" id=\"codigo_postal\" aria-required=\"true\" aria-invalid=\"false\" value=\"\" type=\"text\" name=\"codigo_postal\" \/><\/span> <\/label>\n\t<\/p>\n\t<p><label>Ciudad<br \/>\n<span class=\"wpcf7-form-control-wrap\" data-name=\"ciudad\"><input size=\"35\" class=\"wpcf7-form-control wpcf7-text wpcf7-validates-as-required\" id=\"ciudad\" aria-required=\"true\" aria-invalid=\"false\" value=\"\" type=\"text\" name=\"ciudad\" \/><\/span> <\/label>\n\t<\/p>\n\t<p><label>Provincia<br \/>\n<span class=\"wpcf7-form-control-wrap\" data-name=\"provincia\"><input size=\"35\" class=\"wpcf7-form-control wpcf7-text wpcf7-validates-as-required\" id=\"provincia\" aria-required=\"true\" aria-invalid=\"false\" value=\"\" type=\"text\" name=\"provincia\" \/><\/span> <\/label>\n\t<\/p>\n<\/div>\n<h2>Persona de contacto\n<\/h2>\n<div class=\"bloque-contacto\">\n\t<p><label> Nombre<br \/>\n<span class=\"wpcf7-form-control-wrap\" data-name=\"nombre\"><input size=\"35\" class=\"wpcf7-form-control wpcf7-text wpcf7-validates-as-required\" id=\"nombre\" aria-required=\"true\" aria-invalid=\"false\" value=\"\" type=\"text\" name=\"nombre\" \/><\/span> <\/label>\n\t<\/p>\n\t<p><label>Apellidos<br \/>\n<span class=\"wpcf7-form-control-wrap\" data-name=\"apellido\"><input size=\"35\" class=\"wpcf7-form-control wpcf7-text wpcf7-validates-as-required\" id=\"apellido\" aria-required=\"true\" aria-invalid=\"false\" value=\"\" type=\"text\" name=\"apellido\" \/><\/span> <\/label>\n\t<\/p>\n\t<p><label>Cargo que ocupa en la empresa<br \/>\n<span class=\"wpcf7-form-control-wrap\" data-name=\"cargo\"><input size=\"35\" class=\"wpcf7-form-control wpcf7-text wpcf7-validates-as-required\" id=\"cargo\" aria-required=\"true\" aria-invalid=\"false\" value=\"\" type=\"text\" name=\"cargo\" \/><\/span> <\/label>\n\t<\/p>\n\t<p><label>Correo electr\u00f3nico<br \/>\n<span class=\"wpcf7-form-control-wrap\" data-name=\"email\"><input size=\"35\" class=\"wpcf7-form-control wpcf7-text wpcf7-email wpcf7-validates-as-required wpcf7-validates-as-email\" id=\"email\" aria-required=\"true\" aria-invalid=\"false\" value=\"\" type=\"email\" name=\"email\" \/><\/span> <\/label>\n\t<\/p>\n\t<p><label>N\u00famero IAE\/CNAE<br \/>\n<span class=\"wpcf7-form-control-wrap\" data-name=\"iae_cnae\"><input size=\"10\" class=\"wpcf7-form-control wpcf7-text wpcf7-validates-as-required\" id=\"iae_cnae\" aria-required=\"true\" aria-invalid=\"false\" value=\"\" type=\"text\" name=\"iae_cnae\" \/><\/span> <\/label>\n\t<\/p>\n\t<p><label>Documentos<br \/>\n<span class=\"wpcf7-form-control-wrap\" data-name=\"documento\"><input size=\"40\" class=\"wpcf7-form-control wpcf7-file\" id=\"documento\" accept=\".pdf\" aria-invalid=\"false\" type=\"file\" name=\"documento\" \/><\/span> <\/label>\n\t<\/p>\n\t<div>\n\t<\/div>\n\t<div>\n\t\t<p>Por favor, facil\u00edtanos los siguientes documentos:\n\t\t<\/p>\n\t\t<ul style=\"inline-block\">\n\t\t\t<li>\n\t\t\t\t<p>DNI\/NIF\/CIF\n\t\t\t\t<\/p>\n\t\t\t<\/li>\n\t\t\t<li>\n\t\t\t\t<p>Modelo 036 \u00f3 037\n\t\t\t\t<\/p>\n\t\t\t<\/li>\n\t\t<\/ul>\n\t<\/div>\n<\/div>\n<p><label><span class=\"wpcf7-form-control-wrap\" data-name=\"acceptance_commercial\"><span class=\"wpcf7-form-control wpcf7-acceptance optional\"><span class=\"wpcf7-list-item\"><label><input type=\"checkbox\" name=\"acceptance_commercial\" value=\"1\" id=\"acceptance-commercial\" aria-invalid=\"false\" \/><span class=\"wpcf7-list-item-label\">Acepto recibir promociones, ofertas y comunicaciones comerciales.<\/span><\/label><\/span><\/span><\/span><\/label>\n<\/p>\n<p><label><span class=\"wpcf7-form-control-wrap\" data-name=\"acceptance_rgpd\"><span class=\"wpcf7-form-control wpcf7-acceptance\"><span class=\"wpcf7-list-item\"><label><input type=\"checkbox\" name=\"acceptance_rgpd\" value=\"1\" id=\"acceptance-rgpd\" aria-invalid=\"false\" \/><span class=\"wpcf7-list-item-label\">He le\u00eddo y acepto la <a href=\"https:\/\/neceseronline.com\/content\/politica-de-privacidad-8\" target=\"_blank\">Pol\u00edtica de Privacidad. <span class=\"screen-reader-text\"> (abre en una nueva\n    pesta\u00f1a)<\/span><span aria-hidden=\"true\" class=\"dashicons dashicons-external\"><\/span><\/a><\/span><\/label><\/span><\/span><\/span><\/label>\n<\/p>\n<p><input class=\"wpcf7-form-control has-spinner wpcf7-submit\" id=\"enviar\" type=\"submit\" value=\"Enviar\" \/>\n<\/p><div class=\"wpcf7-response-output\" aria-hidden=\"true\"><\/div>\n<\/form>\n<\/div>\n[\/et_pb_code][\/et_pb_column_inner][\/et_pb_row_inner][\/et_pb_column][et_pb_column type=\u00bb1_2&#8243; _builder_version=\u00bb4.16&#8243; custom_padding=\u00bb|||\u00bb global_colors_info=\u00bb{}\u00bb custom_padding__hover=\u00bb|||\u00bb][et_pb_image src=\u00bbhttps:\/\/neceseronline.com\/profesionales\/wp-content\/uploads\/2023\/02\/beauty-product_71-1.jpg\u00bb title_text=\u00bbbeauty-product_71&#8243; _builder_version=\u00bb4.16&#8243; _module_preset=\u00bbdefault\u00bb custom_margin=\u00bb|-16vw|||false|false\u00bb custom_margin_tablet=\u00bb|0vw|||false|false\u00bb custom_margin_phone=\u00bb\u00bb custom_margin_last_edited=\u00bbon|tablet\u00bb custom_padding=\u00bb|||135px||\u00bb border_color_left=\u00bb#FFFFFF\u00bb box_shadow_style=\u00bbpreset6&#8243; locked=\u00bboff\u00bb global_colors_info=\u00bb{}\u00bb][\/et_pb_image][\/et_pb_column][\/et_pb_section][et_pb_section fb_built=\u00bb1&#8243; _builder_version=\u00bb4.20.0&#8243; _module_preset=\u00bbdefault\u00bb global_colors_info=\u00bb{}\u00bb custom_padding=\u00bb0px|||||\u00bb][et_pb_row _builder_version=\u00bb4.20.0&#8243; _module_preset=\u00bbdefault\u00bb global_colors_info=\u00bb{}\u00bb][et_pb_column type=\u00bb4_4&#8243; _builder_version=\u00bb4.20.0&#8243; _module_preset=\u00bbdefault\u00bb global_colors_info=\u00bb{}\u00bb][et_pb_text _builder_version=\u00bb4.20.0&#8243; _module_preset=\u00bbdefault\u00bb global_colors_info=\u00bb{}\u00bb]<\/p>\n<p>Cualquier persona tiene derecho a obtener confirmaci\u00f3n sobre si en la empresa estamos tratando datos personales que les conciernan, o no.<\/p>\n<p>En concreto, puede usted dirigirse a la empresa a su direcci\u00f3n postal o bien a la direcci\u00f3n de email facilitada en el presente documento con la finalidad de ejercer los siguientes derechos:<\/p>\n<ul>\n<li>Derecho a solicitar el acceso a los datos personales relativos al interesado.<\/li>\n<li>Derecho a solicitar su rectificaci\u00f3n o supresi\u00f3n.<\/li>\n<li>Derecho a solicitar la limitaci\u00f3n de su tratamiento.<\/li>\n<li>Derecho a oponerse al tratamiento.<\/li>\n<li>Derecho a la portabilidad de los datos.<\/li>\n<\/ul>\n<p>Puede usted solicitar los formularios necesarios para el ejercicio de estos derechos enviando un correo electr\u00f3nico a la direcci\u00f3n de email facilitada en el presente documento.<\/p>\n<p>Dado el car\u00e1cter personal\u00edsimo del ejercicio de cualquiera de estos derechos usted deber\u00e1 adjuntar a la solicitud copia de su carnet de identidad o documento acreditativo equivalente.<\/p>\n<p>Puede usted dirigirse a la Agencia Espa\u00f1ola de protecci\u00f3n de Datos para obtener informaci\u00f3n adicional acerca de sus derechos o presentar una reclamaci\u00f3n ante la misma, especialmente cuando no haya obtenido satisfacci\u00f3n en el ejercicio de sus derechos, obteniendo toda la informaci\u00f3n necesaria para ello a trav\u00e9s de la web de la <a href=\"https:\/\/www.aepd.es\/es\">Agencia Espa\u00f1ola de Protecci\u00f3n de Datos.<\/a><\/p>\n<p>[\/et_pb_text][\/et_pb_column][\/et_pb_row][\/et_pb_section]<\/p>\n","protected":false},"excerpt":{"rendered":"<p>Compra para profesionales\n<div class=\"wpcf7 no-js\" id=\"wpcf7-f6-o2\" lang=\"es-ES\" dir=\"ltr\">\n<div class=\"screen-reader-response\"><p role=\"status\" aria-live=\"polite\" aria-atomic=\"true\"><\/p> <ul><\/ul><\/div>\n<form action=\"\/profesionales\/wp-json\/wp\/v2\/pages\/13#wpcf7-f6-o2\" method=\"post\" class=\"wpcf7-form init\" aria-label=\"Formulario de contacto\" enctype=\"multipart\/form-data\" novalidate=\"novalidate\" data-status=\"init\">\n<div style=\"display: none;\">\n<input type=\"hidden\" name=\"_wpcf7\" value=\"6\" \/>\n<input type=\"hidden\" name=\"_wpcf7_version\" value=\"5.7.5.1\" \/>\n<input type=\"hidden\" name=\"_wpcf7_locale\" value=\"es_ES\" \/>\n<input type=\"hidden\" name=\"_wpcf7_unit_tag\" value=\"wpcf7-f6-o2\" \/>\n<input type=\"hidden\" name=\"_wpcf7_container_post\" value=\"0\" \/>\n<input type=\"hidden\" name=\"_wpcf7_posted_data_hash\" value=\"\" \/>\n<input type=\"hidden\" name=\"_wpcf7_recaptcha_response\" value=\"\" \/>\n<\/div>\n<h2>Datos de la empresa\n<\/h2>\n<div class=\"bloque-empresa\">\n\t<p><label>Raz\u00f3n social<br \/>\n<span class=\"wpcf7-form-control-wrap\" data-name=\"razon_social\"><input size=\"35\" class=\"wpcf7-form-control wpcf7-text wpcf7-validates-as-required\" id=\"razon_social\" aria-required=\"true\" aria-invalid=\"false\" placeholder=\"Jorge L\u00f3pez L\u00f3pez\" value=\"\" type=\"text\" name=\"razon_social\" \/><\/span> <\/label>\n\t<\/p>\n\t<p><label>Nombre comercial<br \/>\n<span class=\"wpcf7-form-control-wrap\" data-name=\"nombre_comercial\"><input size=\"35\" class=\"wpcf7-form-control wpcf7-text\" id=\"nombre_comercial\" aria-invalid=\"false\" placeholder=\"Serious Barber Shop\" value=\"\" type=\"text\" name=\"nombre_comercial\" \/><\/span> <\/label>\n\t<\/p>\n\t<p><label>CIF<br \/>\n<span class=\"wpcf7-form-control-wrap\" data-name=\"cif\"><input size=\"10\" class=\"wpcf7-form-control wpcf7-text wpcf7-validates-as-required\" id=\"cif\" aria-required=\"true\" aria-invalid=\"false\" value=\"\" type=\"text\" name=\"cif\" \/><\/span> <\/label>\n\t<\/p>\n\t<p><label>Tipo de negocio<br \/>\n<span class=\"wpcf7-form-control-wrap\" data-name=\"tipo_de_negocio\"><select class=\"wpcf7-form-control wpcf7-select wpcf7-validates-as-required\" id=\"tipo_de_negocio\" aria-required=\"true\" aria-invalid=\"false\" name=\"tipo_de_negocio\"><option value=\"\">&#8212;Por favor, elige una opci\u00f3n&#8212;<\/option><option value=\"Sal\u00f3n de belleza\">Sal\u00f3n de belleza<\/option><option value=\"Peluquer\u00eda\">Peluquer\u00eda<\/option><option value=\"Farmacia\">Farmacia<\/option><\/select><\/span> <\/label>\n\t<\/p>\n<\/div>\n<h2>Direcci\u00f3n de entrega\n<\/h2>\n<div class=\"bloque-direccion\">\n\t<p><label>Tipo de v\u00eda<br \/>\n<span class=\"wpcf7-form-control-wrap\" data-name=\"tipo_de_via\"><select class=\"wpcf7-form-control wpcf7-select wpcf7-validates-as-required\" id=\"tipo_de_via\" aria-required=\"true\" aria-invalid=\"false\" name=\"tipo_de_via\"><option value=\"Calle\">Calle<\/option><option value=\"Callej\u00f3n\">Callej\u00f3n<\/option><option value=\"Avenida\">Avenida<\/option><option value=\"Plaza\">Plaza<\/option><option value=\"Pol\u00edgono\">Pol\u00edgono<\/option><option value=\"V\u00eda\">V\u00eda<\/option><option value=\"Carretera\">Carretera<\/option><\/select><\/span> <\/label>\n\t<\/p>\n\t<p><label>Direcci\u00f3n<br \/>\n<span class=\"wpcf7-form-control-wrap\" data-name=\"direccion\"><input size=\"35\" class=\"wpcf7-form-control wpcf7-text wpcf7-validates-as-required\" id=\"direccion\" aria-required=\"true\" aria-invalid=\"false\" value=\"\" type=\"text\" name=\"direccion\" \/><\/span> <\/label>\n\t<\/p>\n\t<p><label>Direcci\u00f3n complementaria<br \/>\n<span class=\"wpcf7-form-control-wrap\" data-name=\"direccion_complementaria\"><input size=\"35\" class=\"wpcf7-form-control wpcf7-text\" id=\"direccion_complementaria\" aria-invalid=\"false\" value=\"\" type=\"text\" name=\"direccion_complementaria\" \/><\/span> <\/label>\n\t<\/p>\n\t<p><label>C\u00f3digo Postal<br \/>\n<span class=\"wpcf7-form-control-wrap\" data-name=\"codigo_postal\"><input size=\"10\" class=\"wpcf7-form-control wpcf7-text wpcf7-validates-as-required\" id=\"codigo_postal\" aria-required=\"true\" aria-invalid=\"false\" value=\"\" type=\"text\" name=\"codigo_postal\" \/><\/span> <\/label>\n\t<\/p>\n\t<p><label>Ciudad<br \/>\n<span class=\"wpcf7-form-control-wrap\" data-name=\"ciudad\"><input size=\"35\" class=\"wpcf7-form-control wpcf7-text wpcf7-validates-as-required\" id=\"ciudad\" aria-required=\"true\" aria-invalid=\"false\" value=\"\" type=\"text\" name=\"ciudad\" \/><\/span> <\/label>\n\t<\/p>\n\t<p><label>Provincia<br \/>\n<span class=\"wpcf7-form-control-wrap\" data-name=\"provincia\"><input size=\"35\" class=\"wpcf7-form-control wpcf7-text wpcf7-validates-as-required\" id=\"provincia\" aria-required=\"true\" aria-invalid=\"false\" value=\"\" type=\"text\" name=\"provincia\" \/><\/span> <\/label>\n\t<\/p>\n<\/div>\n<h2>Persona de contacto\n<\/h2>\n<div class=\"bloque-contacto\">\n\t<p><label> Nombre<br \/>\n<span class=\"wpcf7-form-control-wrap\" data-name=\"nombre\"><input size=\"35\" class=\"wpcf7-form-control wpcf7-text wpcf7-validates-as-required\" id=\"nombre\" aria-required=\"true\" aria-invalid=\"false\" value=\"\" type=\"text\" name=\"nombre\" \/><\/span> <\/label>\n\t<\/p>\n\t<p><label>Apellidos<br \/>\n<span class=\"wpcf7-form-control-wrap\" data-name=\"apellido\"><input size=\"35\" class=\"wpcf7-form-control wpcf7-text wpcf7-validates-as-required\" id=\"apellido\" aria-required=\"true\" aria-invalid=\"false\" value=\"\" type=\"text\" name=\"apellido\" \/><\/span> <\/label>\n\t<\/p>\n\t<p><label>Cargo que ocupa en la empresa<br \/>\n<span class=\"wpcf7-form-control-wrap\" data-name=\"cargo\"><input size=\"35\" class=\"wpcf7-form-control wpcf7-text wpcf7-validates-as-required\" id=\"cargo\" aria-required=\"true\" aria-invalid=\"false\" value=\"\" type=\"text\" name=\"cargo\" \/><\/span> <\/label>\n\t<\/p>\n\t<p><label>Correo electr\u00f3nico<br \/>\n<span class=\"wpcf7-form-control-wrap\" data-name=\"email\"><input size=\"35\" class=\"wpcf7-form-control wpcf7-text wpcf7-email wpcf7-validates-as-required wpcf7-validates-as-email\" id=\"email\" aria-required=\"true\" aria-invalid=\"false\" value=\"\" type=\"email\" name=\"email\" \/><\/span> <\/label>\n\t<\/p>\n\t<p><label>N\u00famero IAE\/CNAE<br \/>\n<span class=\"wpcf7-form-control-wrap\" data-name=\"iae_cnae\"><input size=\"10\" class=\"wpcf7-form-control wpcf7-text wpcf7-validates-as-required\" id=\"iae_cnae\" aria-required=\"true\" aria-invalid=\"false\" value=\"\" type=\"text\" name=\"iae_cnae\" \/><\/span> <\/label>\n\t<\/p>\n\t<p><label>Documentos<br \/>\n<span class=\"wpcf7-form-control-wrap\" data-name=\"documento\"><input size=\"40\" class=\"wpcf7-form-control wpcf7-file\" id=\"documento\" accept=\".pdf\" aria-invalid=\"false\" type=\"file\" name=\"documento\" \/><\/span> <\/label>\n\t<\/p>\n\t<div>\n\t<\/div>\n\t<div>\n\t\t<p>Por favor, facil\u00edtanos los siguientes documentos:\n\t\t<\/p>\n\t\t<ul style=\"inline-block\">\n\t\t\t<li>\n\t\t\t\t<p>DNI\/NIF\/CIF\n\t\t\t\t<\/p>\n\t\t\t<\/li>\n\t\t\t<li>\n\t\t\t\t<p>Modelo 036 \u00f3 037\n\t\t\t\t<\/p>\n\t\t\t<\/li>\n\t\t<\/ul>\n\t<\/div>\n<\/div>\n<p><label><span class=\"wpcf7-form-control-wrap\" data-name=\"acceptance_commercial\"><span class=\"wpcf7-form-control wpcf7-acceptance optional\"><span class=\"wpcf7-list-item\"><label><input type=\"checkbox\" name=\"acceptance_commercial\" value=\"1\" id=\"acceptance-commercial\" aria-invalid=\"false\" \/><span class=\"wpcf7-list-item-label\">Acepto recibir promociones, ofertas y comunicaciones comerciales.<\/span><\/label><\/span><\/span><\/span><\/label>\n<\/p>\n<p><label><span class=\"wpcf7-form-control-wrap\" data-name=\"acceptance_rgpd\"><span class=\"wpcf7-form-control wpcf7-acceptance\"><span class=\"wpcf7-list-item\"><label><input type=\"checkbox\" name=\"acceptance_rgpd\" value=\"1\" id=\"acceptance-rgpd\" aria-invalid=\"false\" \/><span class=\"wpcf7-list-item-label\">He le\u00eddo y acepto la <a href=\"https:\/\/neceseronline.com\/content\/politica-de-privacidad-8\" target=\"_blank\">Pol\u00edtica de Privacidad. <span class=\"screen-reader-text\"> (abre en una nueva\n    pesta\u00f1a)<\/span><span aria-hidden=\"true\" class=\"dashicons dashicons-external\"><\/span><\/a><\/span><\/label><\/span><\/span><\/span><\/label>\n<\/p>\n<p><input class=\"wpcf7-form-control has-spinner wpcf7-submit\" id=\"enviar\" type=\"submit\" value=\"Enviar\" \/>\n<\/p><div class=\"wpcf7-response-output\" aria-hidden=\"true\"><\/div>\n<\/form>\n<\/div>\nCualquier persona tiene derecho a obtener confirmaci\u00f3n sobre si en la empresa estamos tratando datos personales que les conciernan, o no. En concreto, puede usted dirigirse a la empresa a su direcci\u00f3n postal o bien a la direcci\u00f3n de email facilitada en el presente documento con la finalidad de ejercer los [&hellip;]<\/p>\n","protected":false},"author":1,"featured_media":0,"parent":0,"menu_order":0,"comment_status":"closed","ping_status":"closed","template":"","meta":{"_et_pb_use_builder":"on","_et_pb_old_content":"","_et_gb_content_width":"","footnotes":""},"class_list":["post-13","page","type-page","status-publish","hentry"],"_links":{"self":[{"href":"https:\/\/neceseronline.com\/profesionales\/wp-json\/wp\/v2\/pages\/13","targetHints":{"allow":["GET"]}}],"collection":[{"href":"https:\/\/neceseronline.com\/profesionales\/wp-json\/wp\/v2\/pages"}],"about":[{"href":"https:\/\/neceseronline.com\/profesionales\/wp-json\/wp\/v2\/types\/page"}],"author":[{"embeddable":true,"href":"https:\/\/neceseronline.com\/profesionales\/wp-json\/wp\/v2\/users\/1"}],"replies":[{"embeddable":true,"href":"https:\/\/neceseronline.com\/profesionales\/wp-json\/wp\/v2\/comments?post=13"}],"version-history":[{"count":8,"href":"https:\/\/neceseronline.com\/profesionales\/wp-json\/wp\/v2\/pages\/13\/revisions"}],"predecessor-version":[{"id":76,"href":"https:\/\/neceseronline.com\/profesionales\/wp-json\/wp\/v2\/pages\/13\/revisions\/76"}],"wp:attachment":[{"href":"https:\/\/neceseronline.com\/profesionales\/wp-json\/wp\/v2\/media?parent=13"}],"curies":[{"name":"wp","href":"https:\/\/api.w.org\/{rel}","templated":true}]}}