{"id":57,"date":"2023-04-26T09:33:10","date_gmt":"2023-04-26T09:33:10","guid":{"rendered":"https:\/\/neceseronline.com\/blog\/?page_id=57"},"modified":"2023-04-28T11:44:02","modified_gmt":"2023-04-28T11:44:02","slug":"programa-de-puntos","status":"publish","type":"page","link":"https:\/\/neceseronline.com\/blog\/programa-de-puntos\/","title":{"rendered":"Conoce nuestro programa de puntos"},"content":{"rendered":"<p>[et_pb_section fb_built=\u00bb1&#8243; _builder_version=\u00bb4.16&#8243; _module_preset=\u00bbdefault\u00bb background_color=\u00bb#EDA09A\u00bb border_width_top=\u00bb2px\u00bb border_width_bottom=\u00bb1px\u00bb global_colors_info=\u00bb{}\u00bb][et_pb_row _builder_version=\u00bb4.16&#8243; _module_preset=\u00bbdefault\u00bb global_colors_info=\u00bb{}\u00bb][et_pb_column type=\u00bb4_4&#8243; _builder_version=\u00bb4.16&#8243; _module_preset=\u00bbdefault\u00bb global_colors_info=\u00bb{}\u00bb][et_pb_text _builder_version=\u00bb4.20.4&#8243; _module_preset=\u00bbdefault\u00bb text_font=\u00bbMontserrat|600|||||||\u00bb text_text_color=\u00bb#FFFFFF\u00bb text_font_size=\u00bb22px\u00bb text_line_height=\u00bb1.3em\u00bb header_text_color=\u00bb#FFFFFF\u00bb header_font_size=\u00bb48px\u00bb text_orientation=\u00bbcenter\u00bb global_colors_info=\u00bb{}\u00bb]<\/p>\n<h1>\u00bfConoces nuestro programa de puntos?<\/h1>\n<p>[\/et_pb_text][\/et_pb_column][\/et_pb_row][\/et_pb_section][et_pb_section fb_built=\u00bb1&#8243; admin_label=\u00bbHeader\u00bb _builder_version=\u00bb4.16&#8243; background_enable_color=\u00bboff\u00bb use_background_color_gradient=\u00bbon\u00bb background_color_gradient_stops=\u00bb#ffffff 0%|rgba(255,255,255,0.23) 100%\u00bb background_color_gradient_overlays_image=\u00bbon\u00bb background_color_gradient_start=\u00bb#ffffff\u00bb background_color_gradient_end=\u00bbrgba(255,255,255,0.23)\u00bb background_image=\u00bbhttps:\/\/neceseronline.com\/blog\/wp-content\/uploads\/2023\/02\/beauty-product_69.jpg\u00bb custom_padding=\u00bb5vw||10vw||false|false\u00bb border_color_top=\u00bb#2e2e2e\u00bb border_width_bottom=\u00bb4px\u00bb border_color_bottom=\u00bb#2e2e2e\u00bb box_shadow_style=\u00bbpreset6&#8243; global_colors_info=\u00bb{}\u00bb][et_pb_row _builder_version=\u00bb4.16&#8243; _module_preset=\u00bbdefault\u00bb global_colors_info=\u00bb{}\u00bb][et_pb_column type=\u00bb4_4&#8243; _builder_version=\u00bb4.16&#8243; _module_preset=\u00bbdefault\u00bb global_colors_info=\u00bb{}\u00bb][et_pb_image src=\u00bbhttps:\/\/neceseronline.com\/blog\/wp-content\/uploads\/2023\/04\/discount-filled.png\u00bb title_text=\u00bbdiscount-filled\u00bb align=\u00bbcenter\u00bb _builder_version=\u00bb4.20.4&#8243; _module_preset=\u00bbdefault\u00bb width=\u00bb256px\u00bb hover_enabled=\u00bb0&#8243; global_colors_info=\u00bb{}\u00bb max_width_last_edited=\u00bbon|phone\u00bb sticky_enabled=\u00bb0&#8243; max_width_tablet=\u00bb50%\u00bb max_width_phone=\u00bb50%\u00bb][\/et_pb_image][et_pb_text _builder_version=\u00bb4.20.4&#8243; _module_preset=\u00bbdefault\u00bb text_font=\u00bbMontserrat|600|||||||\u00bb text_text_color=\u00bb#2E2E2E\u00bb text_font_size=\u00bb22px\u00bb text_line_height=\u00bb1.3em\u00bb text_orientation=\u00bbcenter\u00bb global_colors_info=\u00bb{}\u00bb]<\/p>\n<p>En Neceser Online queremos agradecer la lealtad de nuestros clientes. Por eso lanzamos nuestro programa de puntos de fidelidad, que los clientes acumulan con cada compra para obtener descuentos.<\/p>\n<p>\u00bfQuieres conocer m\u00e1s sobre nuestros puntos? Te lo explicamos todo a continuaci\u00f3n.<\/p>\n<p>\u00a1Atento!<\/p>\n<p>[\/et_pb_text][\/et_pb_column][\/et_pb_row][et_pb_row _builder_version=\u00bb4.16&#8243; _module_preset=\u00bbdefault\u00bb global_colors_info=\u00bb{}\u00bb][et_pb_column type=\u00bb4_4&#8243; _builder_version=\u00bb4.16&#8243; _module_preset=\u00bbdefault\u00bb global_colors_info=\u00bb{}\u00bb][et_pb_text _builder_version=\u00bb4.20.4&#8243; _module_preset=\u00bbdefault\u00bb text_font=\u00bbMontserrat|800|||||||\u00bb text_text_color=\u00bb#2e2e2e\u00bb text_font_size=\u00bb93px\u00bb text_line_height=\u00bb1.3em\u00bb background_enable_color=\u00bboff\u00bb text_orientation=\u00bbcenter\u00bb hover_enabled=\u00bb0&#8243; global_colors_info=\u00bb{}\u00bb text_font_size_last_edited=\u00bbon|tablet\u00bb sticky_enabled=\u00bb0&#8243; text_font_size_tablet=\u00bb64px\u00bb text_font_size_phone=\u00bb32px\u00bb]<\/p>\n<p>\u00bfC\u00f3mo funcionan los puntos?<\/p>\n<p>[\/et_pb_text][et_pb_text _builder_version=\u00bb4.20.4&#8243; _module_preset=\u00bbdefault\u00bb text_font=\u00bbMontserrat|600|||||||\u00bb text_text_color=\u00bb#2E2E2E\u00bb text_font_size=\u00bb22px\u00bb text_line_height=\u00bb1.3em\u00bb text_orientation=\u00bbcenter\u00bb global_colors_info=\u00bb{}\u00bb]<\/p>\n<p>Cada punto tiene un valor de <strong>3 c\u00e9ntimos<\/strong> y se gana<strong> por cada euro<\/strong> gastado en la tienda.<\/p>\n<p>Por ejemplo, si un cliente gasta<strong> 150 euros<\/strong>, acumular\u00e1 150 puntos, lo que <strong>equivalen a 5 euros de descuento<\/strong>.<\/p>\n<p>\u00bfNo est\u00e1 mal ,verdad?<\/p>\n<p>Estos puntos tienen una <strong>validez de 6 meses (180 d\u00edas)<\/strong> desde su acumulaci\u00f3n y pueden ser canjeados por cupones descuento en la pr\u00f3xima compra. El <strong>m\u00ednimo<\/strong> de puntos requeridos para canjearlos es de <strong>20 puntos<\/strong>, y el <strong>m\u00e1ximo<\/strong> de puntos que se pueden canjear en un solo cup\u00f3n es de <strong>450 puntos<\/strong>, lo que equivale a 15 euros de descuento.<\/p>\n<p>[\/et_pb_text][\/et_pb_column][\/et_pb_row][et_pb_row _builder_version=\u00bb4.16&#8243; _module_preset=\u00bbdefault\u00bb global_colors_info=\u00bb{}\u00bb][et_pb_column type=\u00bb4_4&#8243; _builder_version=\u00bb4.16&#8243; _module_preset=\u00bbdefault\u00bb global_colors_info=\u00bb{}\u00bb][et_pb_text _builder_version=\u00bb4.20.4&#8243; _module_preset=\u00bbdefault\u00bb text_font=\u00bbMontserrat|800|||||||\u00bb text_text_color=\u00bb#2e2e2e\u00bb text_font_size=\u00bb93px\u00bb text_line_height=\u00bb1.3em\u00bb background_enable_color=\u00bboff\u00bb text_orientation=\u00bbcenter\u00bb hover_enabled=\u00bb0&#8243; global_colors_info=\u00bb{}\u00bb text_font_size_last_edited=\u00bbon|phone\u00bb sticky_enabled=\u00bb0&#8243; text_font_size_tablet=\u00bb48px\u00bb text_font_size_phone=\u00bb32px\u00bb]<\/p>\n<p>\u00bfC\u00f3mo puedo canjear mis puntos?<\/p>\n<p>[\/et_pb_text][et_pb_text _builder_version=\u00bb4.20.4&#8243; _module_preset=\u00bbdefault\u00bb text_font=\u00bbMontserrat|600|||||||\u00bb text_text_color=\u00bb#2E2E2E\u00bb text_font_size=\u00bb22px\u00bb text_line_height=\u00bb1.3em\u00bb text_orientation=\u00bbcenter\u00bb global_colors_info=\u00bb{}\u00bb]<\/p>\n<p>Cuando tengas suficientes puntos, en tu pr\u00f3xima compra, ver\u00e1s una alerta en el carrito que te permitir\u00e1 <strong>canjear tus puntos al instante<\/strong> y aplicar el cup\u00f3n de descuento al instante.<\/p>\n<p>El cup\u00f3n generado a partir de los puntos acumulados tiene una <strong>validez de 30 d\u00edas<\/strong> desde su creaci\u00f3n y puede ser utilizado <strong>sin un importe m\u00ednimo de compra<\/strong>.<\/p>\n<p>[\/et_pb_text][\/et_pb_column][\/et_pb_row][et_pb_row _builder_version=\u00bb4.16&#8243; _module_preset=\u00bbdefault\u00bb global_colors_info=\u00bb{}\u00bb][et_pb_column type=\u00bb4_4&#8243; _builder_version=\u00bb4.16&#8243; _module_preset=\u00bbdefault\u00bb global_colors_info=\u00bb{}\u00bb][et_pb_text _builder_version=\u00bb4.20.4&#8243; _module_preset=\u00bbdefault\u00bb text_font=\u00bbMontserrat|800|||||||\u00bb text_text_color=\u00bb#2e2e2e\u00bb text_font_size=\u00bb93px\u00bb text_line_height=\u00bb1.3em\u00bb background_enable_color=\u00bboff\u00bb text_orientation=\u00bbcenter\u00bb hover_enabled=\u00bb0&#8243; global_colors_info=\u00bb{}\u00bb text_font_size_last_edited=\u00bbon|phone\u00bb sticky_enabled=\u00bb0&#8243; text_font_size_tablet=\u00bb48px\u00bb text_font_size_phone=\u00bb32px\u00bb]<\/p>\n<p>\u00bfD\u00f3nde puedo consultar mis puntos y cupones?<\/p>\n<p>[\/et_pb_text][et_pb_text _builder_version=\u00bb4.20.4&#8243; _module_preset=\u00bbdefault\u00bb text_font=\u00bbMontserrat|600|||||||\u00bb text_text_color=\u00bb#2E2E2E\u00bb text_font_size=\u00bb22px\u00bb text_line_height=\u00bb1.3em\u00bb text_orientation=\u00bbcenter\u00bb global_colors_info=\u00bb{}\u00bb]<\/p>\n<p>Los clientes pueden consultar sus puntos y cupones en cualquier momento, entrando en su <a href=\"https:\/\/neceseronline.com\/mi-cuenta\">\u00e1rea de cliente<\/a>, y accediendo al apartado <a href=\"https:\/\/neceseronline.com\/module\/loyaltyeditpoints\/points?process=summary\">Mis puntos de fidelidad<\/a> o <a href=\"https:\/\/neceseronline.com\/descuento\">Cupones de descuento<\/a>.<\/p>\n<p>\u00c9sto es <strong>muy \u00fatil<\/strong> si, por ejemplo, si durante la tramitaci\u00f3n de un pedido el cliente canjea sus puntos y genera un cup\u00f3n de descuento pero finalmente <strong>no completa el pedido<\/strong>.<\/p>\n<p>Accediendo a <strong>\u00abCupones de descuento\u00bb<\/strong> en su \u00e1rea de cliente podr\u00e1 copiar el c\u00f3digo de su cup\u00f3n de descuento y aplicarlo en su pr\u00f3xima compra, <strong>\u00a1Pero recuerda!<\/strong> una vez genere el cup\u00f3n, este cup\u00f3n tiene un periodo de <strong>validez de 30 d\u00edas<\/strong>.<\/p>\n<p>[\/et_pb_text][\/et_pb_column][\/et_pb_row][et_pb_row _builder_version=\u00bb4.16&#8243; _module_preset=\u00bbdefault\u00bb global_colors_info=\u00bb{}\u00bb][et_pb_column type=\u00bb4_4&#8243; _builder_version=\u00bb4.16&#8243; _module_preset=\u00bbdefault\u00bb global_colors_info=\u00bb{}\u00bb][et_pb_text _builder_version=\u00bb4.20.4&#8243; _module_preset=\u00bbdefault\u00bb text_font=\u00bbMontserrat|600|||||||\u00bb text_text_color=\u00bb#2E2E2E\u00bb text_font_size=\u00bb22px\u00bb text_line_height=\u00bb1.3em\u00bb text_orientation=\u00bbcenter\u00bb global_colors_info=\u00bb{}\u00bb]<\/p>\n<p>Ahora que ya conoces nuestro programas de puntos, tan s\u00f3lo queda que lo hagas tuyo. Disfruta comprando los mejores productos de cosm\u00e9tica y maquillaje que te ofrecemos, y de tus marcas favoritas.<\/p>\n<p>\u00c9sta es nuestra manera de darte las gracias por tu confianza.<\/p>\n<p>\u00a1Gracias por formar parte de Neceser Online!<\/p>\n<p>[\/et_pb_text][\/et_pb_column][\/et_pb_row][\/et_pb_section]<\/p>\n","protected":false},"excerpt":{"rendered":"<p>\u00bfConoces nuestro programa de puntos?En Neceser Online queremos agradecer la lealtad de nuestros clientes. Por eso lanzamos nuestro programa de puntos de fidelidad, que los clientes acumulan con cada compra para obtener descuentos. \u00bfQuieres conocer m\u00e1s sobre nuestros puntos? Te lo explicamos todo a continuaci\u00f3n. \u00a1Atento!\u00bfC\u00f3mo funcionan los puntos?Cada punto tiene un valor de 3 [&hellip;]<\/p>\n","protected":false},"author":1,"featured_media":0,"parent":0,"menu_order":0,"comment_status":"closed","ping_status":"closed","template":"","meta":{"_et_pb_use_builder":"on","_et_pb_old_content":"","_et_gb_content_width":"","footnotes":""},"class_list":["post-57","page","type-page","status-publish","hentry"],"_links":{"self":[{"href":"https:\/\/neceseronline.com\/blog\/wp-json\/wp\/v2\/pages\/57","targetHints":{"allow":["GET"]}}],"collection":[{"href":"https:\/\/neceseronline.com\/blog\/wp-json\/wp\/v2\/pages"}],"about":[{"href":"https:\/\/neceseronline.com\/blog\/wp-json\/wp\/v2\/types\/page"}],"author":[{"embeddable":true,"href":"https:\/\/neceseronline.com\/blog\/wp-json\/wp\/v2\/users\/1"}],"replies":[{"embeddable":true,"href":"https:\/\/neceseronline.com\/blog\/wp-json\/wp\/v2\/comments?post=57"}],"version-history":[{"count":4,"href":"https:\/\/neceseronline.com\/blog\/wp-json\/wp\/v2\/pages\/57\/revisions"}],"predecessor-version":[{"id":65,"href":"https:\/\/neceseronline.com\/blog\/wp-json\/wp\/v2\/pages\/57\/revisions\/65"}],"wp:attachment":[{"href":"https:\/\/neceseronline.com\/blog\/wp-json\/wp\/v2\/media?parent=57"}],"curies":[{"name":"wp","href":"https:\/\/api.w.org\/{rel}","templated":true}]}}