{"id":12,"date":"2023-02-21T12:10:48","date_gmt":"2023-02-21T12:10:48","guid":{"rendered":"https:\/\/neceseronline.com\/blog\/?page_id=12"},"modified":"2023-03-06T23:15:28","modified_gmt":"2023-03-06T23:15:28","slug":"blog","status":"publish","type":"page","link":"https:\/\/neceseronline.com\/blog\/","title":{"rendered":"Blog"},"content":{"rendered":"<p>[et_pb_section fb_built=\u00bb1&#8243; _builder_version=\u00bb4.14.1&#8243; _module_preset=\u00bbdefault\u00bb background_color=\u00bb#EDA09A\u00bb border_width_top=\u00bb2px\u00bb border_width_bottom=\u00bb1px\u00bb global_colors_info=\u00bb{}\u00bb][et_pb_row _builder_version=\u00bb4.14.1&#8243; _module_preset=\u00bbdefault\u00bb global_colors_info=\u00bb{}\u00bb][et_pb_column type=\u00bb4_4&#8243; _builder_version=\u00bb4.14.1&#8243; _module_preset=\u00bbdefault\u00bb global_colors_info=\u00bb{}\u00bb][et_pb_text _builder_version=\u00bb4.14.1&#8243; _module_preset=\u00bbdefault\u00bb text_font=\u00bbMontserrat|600|||||||\u00bb text_text_color=\u00bb#FFFFFF\u00bb text_font_size=\u00bb22px\u00bb text_line_height=\u00bb1.3em\u00bb text_orientation=\u00bbcenter\u00bb global_colors_info=\u00bb{}\u00bb]<\/p>\n<p>En el blog de neceseronline.com encontrar\u00e1s tus gu\u00edas de cosm\u00e9tica, maquillaje, consejos para el cuidado del cabello, algunos \u00abtips\u00bb muy interesantes sobre nuestra sexualidad\ud83d\ude0f y todo lo que un hombre necesita saber para su cuidado diario.<\/p>\n<p>[\/et_pb_text][\/et_pb_column][\/et_pb_row][\/et_pb_section][et_pb_section fb_built=\u00bb1&#8243; admin_label=\u00bbHeader\u00bb _builder_version=\u00bb4.14.1&#8243; background_enable_color=\u00bboff\u00bb use_background_color_gradient=\u00bbon\u00bb background_color_gradient_start=\u00bb#ffffff\u00bb background_color_gradient_end=\u00bbrgba(255,255,255,0.23)\u00bb background_color_gradient_overlays_image=\u00bbon\u00bb background_image=\u00bbhttps:\/\/neceseronline.com\/blog\/wp-content\/uploads\/2023\/02\/beauty-product_69.jpg\u00bb custom_padding=\u00bb5vw||10vw||false|false\u00bb border_color_top=\u00bb#2e2e2e\u00bb border_width_bottom=\u00bb4px\u00bb border_color_bottom=\u00bb#2e2e2e\u00bb box_shadow_style=\u00bbpreset6&#8243; global_colors_info=\u00bb{}\u00bb][et_pb_row _builder_version=\u00bb4.14.1&#8243; _module_preset=\u00bbdefault\u00bb global_colors_info=\u00bb{}\u00bb][et_pb_column type=\u00bb4_4&#8243; _builder_version=\u00bb4.14.1&#8243; _module_preset=\u00bbdefault\u00bb global_colors_info=\u00bb{}\u00bb][et_pb_text _builder_version=\u00bb4.14.1&#8243; _module_preset=\u00bbdefault\u00bb text_font=\u00bbMontserrat|600|||||||\u00bb text_text_color=\u00bb#2E2E2E\u00bb text_font_size=\u00bb22px\u00bb text_line_height=\u00bb1.3em\u00bb text_orientation=\u00bbcenter\u00bb global_colors_info=\u00bb{}\u00bb]<\/p>\n<p>No queremos dejarnos nada, por eso actualizaremos constantemente cada semana. Incluiremos actualidad, nuevos productos y nuevos consejos.<\/p>\n<p>Queremos que este blog sea tu manual para cuidarte, que lo uses y que consigamos ayudarte a tener una rutina y los productos que mejor se adapten a ti.<\/p>\n<p>[\/et_pb_text][\/et_pb_column][\/et_pb_row][et_pb_row _builder_version=\u00bb4.14.1&#8243; _module_preset=\u00bbdefault\u00bb global_colors_info=\u00bb{}\u00bb][et_pb_column type=\u00bb4_4&#8243; _builder_version=\u00bb4.14.1&#8243; _module_preset=\u00bbdefault\u00bb global_colors_info=\u00bb{}\u00bb][et_pb_text _builder_version=\u00bb4.14.1&#8243; _module_preset=\u00bbdefault\u00bb text_font=\u00bbMontserrat|800|||||||\u00bb text_text_color=\u00bb#2e2e2e\u00bb text_font_size=\u00bb93px\u00bb text_line_height=\u00bb1.3em\u00bb background_enable_color=\u00bboff\u00bb text_orientation=\u00bbcenter\u00bb global_colors_info=\u00bb{}\u00bb]<\/p>\n<p>Tus \u00abguias\u00bb de belleza<\/p>\n<p>[\/et_pb_text][\/et_pb_column][\/et_pb_row][et_pb_row column_structure=\u00bb1_2,1_2&#8243; _builder_version=\u00bb4.14.1&#8243; _module_preset=\u00bbdefault\u00bb global_colors_info=\u00bb{}\u00bb][et_pb_column type=\u00bb1_2&#8243; _builder_version=\u00bb4.14.1&#8243; _module_preset=\u00bbdefault\u00bb global_colors_info=\u00bb{}\u00bb][et_pb_text _builder_version=\u00bb4.14.1&#8243; _module_preset=\u00bbdefault\u00bb text_font=\u00bbMontserrat|700|||||||\u00bb text_text_color=\u00bb#2E2E2E\u00bb text_font_size=\u00bb34px\u00bb text_line_height=\u00bb3.7em\u00bb background_color=\u00bb#EDA09A\u00bb use_background_color_gradient=\u00bbon\u00bb background_color_gradient_start=\u00bbrgba(255,255,255,0.75)\u00bb background_color_gradient_end=\u00bbrgba(255,255,255,0.75)\u00bb background_color_gradient_overlays_image=\u00bbon\u00bb background_image=\u00bbhttps:\/\/neceseronline.com\/blog\/wp-content\/uploads\/2023\/02\/cosmeticos.webp\u00bb text_orientation=\u00bbcenter\u00bb width=\u00bb100%\u00bb max_width=\u00bb100%\u00bb module_alignment=\u00bbcenter\u00bb min_height=\u00bb134px\u00bb max_height=\u00bb1000px\u00bb border_width_all=\u00bb1px\u00bb box_shadow_style=\u00bbpreset2&#8243; global_colors_info=\u00bb{}\u00bb]<\/p>\n<p>Cosm\u00e9tica<\/p>\n<p>[\/et_pb_text][\/et_pb_column][et_pb_column type=\u00bb1_2&#8243; _builder_version=\u00bb4.14.1&#8243; _module_preset=\u00bbdefault\u00bb global_colors_info=\u00bb{}\u00bb][et_pb_text _builder_version=\u00bb4.14.1&#8243; _module_preset=\u00bbdefault\u00bb text_font=\u00bbMontserrat|700|||||||\u00bb text_text_color=\u00bb#2E2E2E\u00bb text_font_size=\u00bb34px\u00bb text_line_height=\u00bb3.7em\u00bb background_color=\u00bb#EDA09A\u00bb use_background_color_gradient=\u00bbon\u00bb background_color_gradient_start=\u00bbrgba(255,255,255,0.75)\u00bb background_color_gradient_end=\u00bbrgba(255,255,255,0.75)\u00bb background_color_gradient_overlays_image=\u00bbon\u00bb background_image=\u00bbhttps:\/\/neceseronline.com\/blog\/wp-content\/uploads\/2023\/02\/sol.webp\u00bb text_orientation=\u00bbcenter\u00bb width=\u00bb100%\u00bb max_width=\u00bb100%\u00bb module_alignment=\u00bbcenter\u00bb min_height=\u00bb134px\u00bb max_height=\u00bb1000px\u00bb border_width_all=\u00bb1px\u00bb box_shadow_style=\u00bbpreset2&#8243; global_colors_info=\u00bb{}\u00bb]<\/p>\n<p>Solares<\/p>\n<p>[\/et_pb_text][\/et_pb_column][\/et_pb_row][et_pb_row column_structure=\u00bb1_2,1_2&#8243; _builder_version=\u00bb4.14.1&#8243; _module_preset=\u00bbdefault\u00bb global_colors_info=\u00bb{}\u00bb][et_pb_column type=\u00bb1_2&#8243; _builder_version=\u00bb4.14.1&#8243; _module_preset=\u00bbdefault\u00bb global_colors_info=\u00bb{}\u00bb][et_pb_text _builder_version=\u00bb4.14.1&#8243; _module_preset=\u00bbdefault\u00bb text_font=\u00bbMontserrat|700|||||||\u00bb text_text_color=\u00bb#2E2E2E\u00bb text_font_size=\u00bb34px\u00bb text_line_height=\u00bb3.7em\u00bb background_color=\u00bb#EDA09A\u00bb use_background_color_gradient=\u00bbon\u00bb background_color_gradient_start=\u00bbrgba(255,255,255,0.39)\u00bb background_color_gradient_end=\u00bbrgba(255,255,255,0.62)\u00bb background_color_gradient_overlays_image=\u00bbon\u00bb background_image=\u00bbhttps:\/\/neceseronline.com\/blog\/wp-content\/uploads\/2023\/02\/maquillaje.webp\u00bb text_orientation=\u00bbcenter\u00bb width=\u00bb100%\u00bb max_width=\u00bb100%\u00bb module_alignment=\u00bbcenter\u00bb min_height=\u00bb134px\u00bb max_height=\u00bb1000px\u00bb border_width_all=\u00bb1px\u00bb box_shadow_style=\u00bbpreset2&#8243; global_colors_info=\u00bb{}\u00bb]<\/p>\n<p>Maquillaje<\/p>\n<p>[\/et_pb_text][\/et_pb_column][et_pb_column type=\u00bb1_2&#8243; _builder_version=\u00bb4.14.1&#8243; _module_preset=\u00bbdefault\u00bb global_colors_info=\u00bb{}\u00bb][et_pb_text _builder_version=\u00bb4.14.1&#8243; _module_preset=\u00bbdefault\u00bb text_font=\u00bbMontserrat|700|||||||\u00bb text_text_color=\u00bb#2E2E2E\u00bb text_font_size=\u00bb34px\u00bb text_line_height=\u00bb3.7em\u00bb background_color=\u00bb#EDA09A\u00bb use_background_color_gradient=\u00bbon\u00bb background_color_gradient_start=\u00bbrgba(255,255,255,0.75)\u00bb background_color_gradient_end=\u00bbrgba(255,255,255,0.75)\u00bb background_color_gradient_overlays_image=\u00bbon\u00bb background_image=\u00bbhttps:\/\/neceseronline.com\/blog\/wp-content\/uploads\/2023\/02\/cabello.webp\u00bb text_orientation=\u00bbcenter\u00bb width=\u00bb100%\u00bb max_width=\u00bb100%\u00bb module_alignment=\u00bbcenter\u00bb min_height=\u00bb134px\u00bb max_height=\u00bb1000px\u00bb border_width_all=\u00bb1px\u00bb box_shadow_style=\u00bbpreset2&#8243; global_colors_info=\u00bb{}\u00bb]<\/p>\n<p>Cabello<\/p>\n<p>[\/et_pb_text][\/et_pb_column][\/et_pb_row][et_pb_row column_structure=\u00bb1_2,1_2&#8243; _builder_version=\u00bb4.14.1&#8243; _module_preset=\u00bbdefault\u00bb global_colors_info=\u00bb{}\u00bb][et_pb_column type=\u00bb1_2&#8243; _builder_version=\u00bb4.14.1&#8243; _module_preset=\u00bbdefault\u00bb global_colors_info=\u00bb{}\u00bb][et_pb_text _builder_version=\u00bb4.14.1&#8243; _module_preset=\u00bbdefault\u00bb text_font=\u00bbMontserrat|700|||||||\u00bb text_text_color=\u00bb#2E2E2E\u00bb text_font_size=\u00bb34px\u00bb text_line_height=\u00bb3.7em\u00bb background_color=\u00bb#EDA09A\u00bb use_background_color_gradient=\u00bbon\u00bb background_color_gradient_start=\u00bbrgba(255,255,255,0.75)\u00bb background_color_gradient_end=\u00bbrgba(255,255,255,0.75)\u00bb background_color_gradient_overlays_image=\u00bbon\u00bb background_image=\u00bbhttps:\/\/neceseronline.com\/blog\/wp-content\/uploads\/2023\/02\/sexualidad.webp\u00bb text_orientation=\u00bbcenter\u00bb width=\u00bb100%\u00bb max_width=\u00bb100%\u00bb module_alignment=\u00bbcenter\u00bb min_height=\u00bb134px\u00bb max_height=\u00bb1000px\u00bb border_width_all=\u00bb1px\u00bb box_shadow_style=\u00bbpreset2&#8243; global_colors_info=\u00bb{}\u00bb]<\/p>\n<p>Sexualidad<\/p>\n<p>[\/et_pb_text][\/et_pb_column][et_pb_column type=\u00bb1_2&#8243; _builder_version=\u00bb4.14.1&#8243; _module_preset=\u00bbdefault\u00bb global_colors_info=\u00bb{}\u00bb][et_pb_text _builder_version=\u00bb4.14.1&#8243; _module_preset=\u00bbdefault\u00bb text_font=\u00bbMontserrat|700|||||||\u00bb text_text_color=\u00bb#2E2E2E\u00bb text_font_size=\u00bb34px\u00bb text_line_height=\u00bb3.7em\u00bb background_color=\u00bb#EDA09A\u00bb use_background_color_gradient=\u00bbon\u00bb background_color_gradient_start=\u00bbrgba(255,255,255,0.75)\u00bb background_color_gradient_end=\u00bbrgba(255,255,255,0.75)\u00bb background_color_gradient_overlays_image=\u00bbon\u00bb background_image=\u00bbhttps:\/\/neceseronline.com\/blog\/wp-content\/uploads\/2023\/02\/afeitado-masculino.webp\u00bb text_orientation=\u00bbcenter\u00bb width=\u00bb100%\u00bb max_width=\u00bb100%\u00bb module_alignment=\u00bbcenter\u00bb min_height=\u00bb134px\u00bb max_height=\u00bb1000px\u00bb border_width_all=\u00bb1px\u00bb box_shadow_style=\u00bbpreset2&#8243; global_colors_info=\u00bb{}\u00bb]<\/p>\n<p>Hombre<\/p>\n<p>[\/et_pb_text][\/et_pb_column][\/et_pb_row][\/et_pb_section]<\/p>\n","protected":false},"excerpt":{"rendered":"<p>En el blog de neceseronline.com encontrar\u00e1s tus gu\u00edas de cosm\u00e9tica, maquillaje, consejos para el cuidado del cabello, algunos \u00abtips\u00bb muy interesantes sobre nuestra sexualidad\ud83d\ude0f y todo lo que un hombre necesita saber para su cuidado diario.No queremos dejarnos nada, por eso actualizaremos constantemente cada semana. Incluiremos actualidad, nuevos productos y nuevos consejos. Queremos que este [&hellip;]<\/p>\n","protected":false},"author":1,"featured_media":0,"parent":0,"menu_order":0,"comment_status":"closed","ping_status":"closed","template":"","meta":{"_et_pb_use_builder":"on","_et_pb_old_content":"","_et_gb_content_width":"","footnotes":""},"class_list":["post-12","page","type-page","status-publish","hentry"],"_links":{"self":[{"href":"https:\/\/neceseronline.com\/blog\/wp-json\/wp\/v2\/pages\/12","targetHints":{"allow":["GET"]}}],"collection":[{"href":"https:\/\/neceseronline.com\/blog\/wp-json\/wp\/v2\/pages"}],"about":[{"href":"https:\/\/neceseronline.com\/blog\/wp-json\/wp\/v2\/types\/page"}],"author":[{"embeddable":true,"href":"https:\/\/neceseronline.com\/blog\/wp-json\/wp\/v2\/users\/1"}],"replies":[{"embeddable":true,"href":"https:\/\/neceseronline.com\/blog\/wp-json\/wp\/v2\/comments?post=12"}],"version-history":[{"count":11,"href":"https:\/\/neceseronline.com\/blog\/wp-json\/wp\/v2\/pages\/12\/revisions"}],"predecessor-version":[{"id":54,"href":"https:\/\/neceseronline.com\/blog\/wp-json\/wp\/v2\/pages\/12\/revisions\/54"}],"wp:attachment":[{"href":"https:\/\/neceseronline.com\/blog\/wp-json\/wp\/v2\/media?parent=12"}],"curies":[{"name":"wp","href":"https:\/\/api.w.org\/{rel}","templated":true}]}}